{"id":2638,"date":"2024-02-17T15:56:43","date_gmt":"2024-02-17T14:56:43","guid":{"rendered":"https:\/\/jlmirall.es\/?page_id=2638"},"modified":"2024-02-18T01:13:39","modified_gmt":"2024-02-18T00:13:39","slug":"taller-de-sonic-visualiser","status":"publish","type":"page","link":"https:\/\/jlmirall.es\/?page_id=2638","title":{"rendered":"Taller de Sonic Visualiser"},"content":{"rendered":"\n<div style=\"width: 100%;\"><div style=\"position: relative; padding-bottom: 56.25%; padding-top: 0; height: 0;\"><iframe loading=\"lazy\" title=\"Taller de Sonic Visualiser\" frameborder=\"0\" width=\"1200px\" height=\"675px\" style=\"position: absolute; top: 0; left: 0; width: 100%; height: 100%;\" src=\"https:\/\/view.genial.ly\/613a1084eb2b5d0dc8379c71\" type=\"text\/html\" allowscriptaccess=\"always\" allowfullscreen=\"true\" scrolling=\"yes\" allownetworking=\"all\"><\/iframe> <\/div> <\/div>\n\n\n\n<figure class=\"wp-block-image size-large\"><a href=\"https:\/\/i0.wp.com\/jlmirall.es\/wp-content\/uploads\/2024\/02\/JLM-SV-scaled.jpg?ssl=1\"><img data-recalc-dims=\"1\" loading=\"lazy\" decoding=\"async\" width=\"1024\" height=\"663\" data-attachment-id=\"2833\" data-permalink=\"https:\/\/jlmirall.es\/?attachment_id=2833\" data-orig-file=\"https:\/\/i0.wp.com\/jlmirall.es\/wp-content\/uploads\/2024\/02\/JLM-SV-scaled.jpg?fit=2560%2C1656&amp;ssl=1\" data-orig-size=\"2560,1656\" data-comments-opened=\"0\" data-image-meta=\"{&quot;aperture&quot;:&quot;0&quot;,&quot;credit&quot;:&quot;&quot;,&quot;camera&quot;:&quot;&quot;,&quot;caption&quot;:&quot;&quot;,&quot;created_timestamp&quot;:&quot;0&quot;,&quot;copyright&quot;:&quot;&quot;,&quot;focal_length&quot;:&quot;0&quot;,&quot;iso&quot;:&quot;0&quot;,&quot;shutter_speed&quot;:&quot;0&quot;,&quot;title&quot;:&quot;&quot;,&quot;orientation&quot;:&quot;1&quot;}\" data-image-title=\"JLM-SV\" data-image-description=\"\" data-image-caption=\"\" data-large-file=\"https:\/\/i0.wp.com\/jlmirall.es\/wp-content\/uploads\/2024\/02\/JLM-SV-scaled.jpg?fit=1024%2C663&amp;ssl=1\" src=\"https:\/\/i0.wp.com\/jlmirall.es\/wp-content\/uploads\/2024\/02\/JLM-SV.jpg?resize=1024%2C663&#038;ssl=1\" alt=\"\" class=\"wp-image-2833\" srcset=\"https:\/\/i0.wp.com\/jlmirall.es\/wp-content\/uploads\/2024\/02\/JLM-SV-scaled.jpg?resize=1024%2C663&amp;ssl=1 1024w, https:\/\/i0.wp.com\/jlmirall.es\/wp-content\/uploads\/2024\/02\/JLM-SV-scaled.jpg?resize=300%2C194&amp;ssl=1 300w, https:\/\/i0.wp.com\/jlmirall.es\/wp-content\/uploads\/2024\/02\/JLM-SV-scaled.jpg?resize=768%2C497&amp;ssl=1 768w, https:\/\/i0.wp.com\/jlmirall.es\/wp-content\/uploads\/2024\/02\/JLM-SV-scaled.jpg?resize=1536%2C994&amp;ssl=1 1536w, https:\/\/i0.wp.com\/jlmirall.es\/wp-content\/uploads\/2024\/02\/JLM-SV-scaled.jpg?resize=2048%2C1325&amp;ssl=1 2048w\" sizes=\"auto, (max-width: 1000px) 100vw, 1000px\" \/><\/a><\/figure>\n","protected":false},"excerpt":{"rendered":"","protected":false},"author":1,"featured_media":0,"parent":1107,"menu_order":3,"comment_status":"closed","ping_status":"closed","template":"","meta":{"footnotes":""},"class_list":["post-2638","page","type-page","status-publish","hentry"],"jetpack_shortlink":"https:\/\/wp.me\/P2FSry-Gy","jetpack-related-posts":[{"id":684,"url":"https:\/\/jlmirall.es\/?page_id=684","url_meta":{"origin":2638,"position":0},"title":"Publicaciones","author":"Oysiao","date":"11 febrero, 2016","format":false,"excerpt":"Al final de cada art\u00edculo se pueden encontrar links a\u00a0las p\u00e1ginas web de la UJI (Universitat Jaume I) y ResearchGate para aquellos que est\u00e1n disponibles. 2024 Miralles-Bono, J. L. (2024). Planificaci\u00f3n Inteligente para resultados no artificiales.\u00a0Eufon\u00eda: did\u00e1ctica de la m\u00fasica,\u00a0101, 14-19. Miralles-Bono, J. L. (2024). Another AI-generated Chopin nocturne? Better\u2026","rel":"","context":"Entrada similar","block_context":{"text":"Entrada similar","link":""},"img":{"alt_text":"Captura de pantalla 2016-03-02 a les 14.59.46","src":"https:\/\/i0.wp.com\/jlmirall.es\/wp-content\/uploads\/2016\/02\/Captura-de-pantalla-2016-03-02-a-les-14.59.46.png?resize=350%2C200","width":350,"height":200},"classes":[]},{"id":1018,"url":"https:\/\/jlmirall.es\/?page_id=1018","url_meta":{"origin":2638,"position":1},"title":"Proyectos educativos con j\u00f3venes","author":"Oysiao","date":"27 julio, 2018","format":false,"excerpt":"Como parte de mi inquietud por la educaci\u00f3n y la ense\u00f1anza, he desarrollado diversos workshops y proyectos pedag\u00f3gicos dentro y fuera de las aulas de educaci\u00f3n reglada que van m\u00e1s all\u00e1 de la docencia habitual con los alumnos. Los workshops son talleres puntuales de uno o varios d\u00edas, mientras que\u2026","rel":"","context":"Entrada similar","block_context":{"text":"Entrada similar","link":""},"img":{"alt_text":"","src":"https:\/\/i0.wp.com\/jlmirall.es\/wp-content\/uploads\/2024\/02\/eacc.gif?resize=350%2C200&ssl=1","width":350,"height":200,"srcset":"https:\/\/i0.wp.com\/jlmirall.es\/wp-content\/uploads\/2024\/02\/eacc.gif?resize=350%2C200&ssl=1 1x, https:\/\/i0.wp.com\/jlmirall.es\/wp-content\/uploads\/2024\/02\/eacc.gif?resize=525%2C300&ssl=1 1.5x, https:\/\/i0.wp.com\/jlmirall.es\/wp-content\/uploads\/2024\/02\/eacc.gif?resize=700%2C400&ssl=1 2x"},"classes":[]},{"id":335,"url":"https:\/\/jlmirall.es\/?page_id=335","url_meta":{"origin":2638,"position":2},"title":"Curr\u00edculum ampliado","author":"Miralles","date":"8 julio, 2011","format":false,"excerpt":"Director Art\u00edstico del Laboratori de M\u00fasica \u00df, GuidoBlogs, pianista solista y asistente de director de la OLCS y miembro fundador Espai Cl\u00e0ssic. Colaborador de la revista M\u00fasica y Educaci\u00f3n, CEFIRE feria internacional MARTE de Arte Contempor\u00e1neo, revista cultural independiente Nomepierdoniuna, Escuela de Arte y Superior de Dise\u00f1o de Castell\u00f3n, la\u2026","rel":"","context":"Entrada similar","block_context":{"text":"Entrada similar","link":""},"img":{"alt_text":"","src":"","width":0,"height":0},"classes":[]},{"id":21,"url":"https:\/\/jlmirall.es\/?page_id=21","url_meta":{"origin":2638,"position":3},"title":"Blogs","author":"Oysiao","date":"19 agosto, 2012","format":false,"excerpt":"Desde siempre he considerado que los blogs son una herramienta \u00fatil de reflexi\u00f3n colectiva, m\u00e1s all\u00e1 de la inmediatez de las actuales redes sociales. Por eso he creado muchos blog con diferentes fines. Aunque actualmente algunos ya no existen o no est\u00e1n activos, quiero dejar este peque\u00f1o espacio para su\u2026","rel":"","context":"Entrada similar","block_context":{"text":"Entrada similar","link":""},"img":{"alt_text":"","src":"https:\/\/i0.wp.com\/jlmirall.es\/wp-content\/uploads\/2024\/02\/B4131554-B31B-4AE8-923F-7442C758D601.png.webp?resize=350%2C200&ssl=1","width":350,"height":200,"srcset":"https:\/\/i0.wp.com\/jlmirall.es\/wp-content\/uploads\/2024\/02\/B4131554-B31B-4AE8-923F-7442C758D601.png.webp?resize=350%2C200&ssl=1 1x, https:\/\/i0.wp.com\/jlmirall.es\/wp-content\/uploads\/2024\/02\/B4131554-B31B-4AE8-923F-7442C758D601.png.webp?resize=525%2C300&ssl=1 1.5x, https:\/\/i0.wp.com\/jlmirall.es\/wp-content\/uploads\/2024\/02\/B4131554-B31B-4AE8-923F-7442C758D601.png.webp?resize=700%2C400&ssl=1 2x"},"classes":[]},{"id":314,"url":"https:\/\/jlmirall.es\/","url_meta":{"origin":2638,"position":4},"title":"Inicio","author":"Miralles","date":"7 julio, 2011","format":false,"excerpt":"Jos\u00e9 Luis Miralles Bono Vila-real, 1985 Piano & Educaci\u00f3n M\u00fasica Experimental & Arte Sonoro \u201csigo con curiosidad e inter\u00e9s sus propuestas art\u00edstico sonoras, y he de decir que veo en todas ellas un entrevere de solidez y audacia, propia de quien carga con una formaci\u00f3n \u2018cl\u00e1sica\u2019, pero se desenvuelve con\u2026","rel":"","context":"Entrada similar","block_context":{"text":"Entrada similar","link":""},"img":{"alt_text":"","src":"https:\/\/i0.wp.com\/jlmirall.es\/wp-content\/uploads\/2011\/07\/Piano-player.jpg?resize=350%2C200&ssl=1","width":350,"height":200,"srcset":"https:\/\/i0.wp.com\/jlmirall.es\/wp-content\/uploads\/2011\/07\/Piano-player.jpg?resize=350%2C200&ssl=1 1x, https:\/\/i0.wp.com\/jlmirall.es\/wp-content\/uploads\/2011\/07\/Piano-player.jpg?resize=525%2C300&ssl=1 1.5x, https:\/\/i0.wp.com\/jlmirall.es\/wp-content\/uploads\/2011\/07\/Piano-player.jpg?resize=700%2C400&ssl=1 2x, https:\/\/i0.wp.com\/jlmirall.es\/wp-content\/uploads\/2011\/07\/Piano-player.jpg?resize=1050%2C600&ssl=1 3x, https:\/\/i0.wp.com\/jlmirall.es\/wp-content\/uploads\/2011\/07\/Piano-player.jpg?resize=1400%2C800&ssl=1 4x"},"classes":[]},{"id":977,"url":"https:\/\/jlmirall.es\/?page_id=977","url_meta":{"origin":2638,"position":5},"title":"Prensa","author":"Oysiao","date":"18 junio, 2018","format":false,"excerpt":"Jos\u00e9 Luis Miralles: \"La noche es oscura y alberga horrores\" | nomepierdoniuna Entre el piano de Jos\u00e9 Luis Miralles y las im\u00e1genes de la EASD surgi\u00f3 el emotivo homenaje a Vicent Vidal | nomepierdoniuna Las creaciones experimentales al piano de Jos\u00e9 Luis Miralles y las piezas de cer\u00e1mica y vidrio\u2026","rel":"","context":"Entrada similar","block_context":{"text":"Entrada similar","link":""},"img":{"alt_text":"","src":"","width":0,"height":0},"classes":[]}],"jetpack_sharing_enabled":true,"_links":{"self":[{"href":"https:\/\/jlmirall.es\/index.php?rest_route=\/wp\/v2\/pages\/2638","targetHints":{"allow":["GET"]}}],"collection":[{"href":"https:\/\/jlmirall.es\/index.php?rest_route=\/wp\/v2\/pages"}],"about":[{"href":"https:\/\/jlmirall.es\/index.php?rest_route=\/wp\/v2\/types\/page"}],"author":[{"embeddable":true,"href":"https:\/\/jlmirall.es\/index.php?rest_route=\/wp\/v2\/users\/1"}],"replies":[{"embeddable":true,"href":"https:\/\/jlmirall.es\/index.php?rest_route=%2Fwp%2Fv2%2Fcomments&post=2638"}],"version-history":[{"count":3,"href":"https:\/\/jlmirall.es\/index.php?rest_route=\/wp\/v2\/pages\/2638\/revisions"}],"predecessor-version":[{"id":2834,"href":"https:\/\/jlmirall.es\/index.php?rest_route=\/wp\/v2\/pages\/2638\/revisions\/2834"}],"up":[{"embeddable":true,"href":"https:\/\/jlmirall.es\/index.php?rest_route=\/wp\/v2\/pages\/1107"}],"wp:attachment":[{"href":"https:\/\/jlmirall.es\/index.php?rest_route=%2Fwp%2Fv2%2Fmedia&parent=2638"}],"curies":[{"name":"wp","href":"https:\/\/api.w.org\/{rel}","templated":true}]}}