{"id":2636,"date":"2024-02-17T15:53:48","date_gmt":"2024-02-17T14:53:48","guid":{"rendered":"https:\/\/jlmirall.es\/?page_id=2636"},"modified":"2024-02-17T15:53:48","modified_gmt":"2024-02-17T14:53:48","slug":"contacto","status":"publish","type":"page","link":"https:\/\/jlmirall.es\/?page_id=2636","title":{"rendered":"Contacto"},"content":{"rendered":"<div class=\"wp-block-jetpack-contact-form is-style-default is-layout-flex wp-container-jetpack-contact-form-is-layout-b7ed9015 wp-block-jetpack-contact-form-is-layout-flex\"><a href=\"https:\/\/jlmirall.es\/?page_id=2636\" target=\"_blank\" rel=\"noopener noreferrer\">Env\u00eda un formulario.<\/a><\/div>","protected":false},"excerpt":{"rendered":"","protected":false},"author":1,"featured_media":0,"parent":0,"menu_order":7,"comment_status":"closed","ping_status":"closed","template":"","meta":{"footnotes":""},"class_list":["post-2636","page","type-page","status-publish","hentry"],"jetpack_shortlink":"https:\/\/wp.me\/P2FSry-Gw","jetpack-related-posts":[{"id":1111,"url":"https:\/\/jlmirall.es\/?page_id=1111","url_meta":{"origin":2636,"position":0},"title":"Las clases de instrumento on-line e h\u00edbridas","author":"Oysiao","date":"4 junio, 2020","format":false,"excerpt":"La crisis mundial del Covid-19 ha provocado la mayor transici\u00f3n de la historia hacia la educaci\u00f3n on-line a distancia. De un d\u00eda para otro, la mayor parte de los docentes de la humanidad se han visto obligados a cambiar completamente su forma de dar clase. Incluidos los profesores de instrumento\u2026","rel":"","context":"Entrada similar","block_context":{"text":"Entrada similar","link":""},"img":{"alt_text":"","src":"https:\/\/i0.wp.com\/elpulpoenelvaso.jlmirall.es\/wp-content\/uploads\/2024\/11\/Portada-1024x485.png?resize=350%2C200&ssl=1","width":350,"height":200,"srcset":"https:\/\/i0.wp.com\/elpulpoenelvaso.jlmirall.es\/wp-content\/uploads\/2024\/11\/Portada-1024x485.png?resize=350%2C200&ssl=1 1x, https:\/\/i0.wp.com\/elpulpoenelvaso.jlmirall.es\/wp-content\/uploads\/2024\/11\/Portada-1024x485.png?resize=525%2C300&ssl=1 1.5x, https:\/\/i0.wp.com\/elpulpoenelvaso.jlmirall.es\/wp-content\/uploads\/2024\/11\/Portada-1024x485.png?resize=700%2C400&ssl=1 2x"},"classes":[]}],"jetpack_sharing_enabled":true,"_links":{"self":[{"href":"https:\/\/jlmirall.es\/index.php?rest_route=\/wp\/v2\/pages\/2636","targetHints":{"allow":["GET"]}}],"collection":[{"href":"https:\/\/jlmirall.es\/index.php?rest_route=\/wp\/v2\/pages"}],"about":[{"href":"https:\/\/jlmirall.es\/index.php?rest_route=\/wp\/v2\/types\/page"}],"author":[{"embeddable":true,"href":"https:\/\/jlmirall.es\/index.php?rest_route=\/wp\/v2\/users\/1"}],"replies":[{"embeddable":true,"href":"https:\/\/jlmirall.es\/index.php?rest_route=%2Fwp%2Fv2%2Fcomments&post=2636"}],"version-history":[{"count":1,"href":"https:\/\/jlmirall.es\/index.php?rest_route=\/wp\/v2\/pages\/2636\/revisions"}],"predecessor-version":[{"id":2637,"href":"https:\/\/jlmirall.es\/index.php?rest_route=\/wp\/v2\/pages\/2636\/revisions\/2637"}],"wp:attachment":[{"href":"https:\/\/jlmirall.es\/index.php?rest_route=%2Fwp%2Fv2%2Fmedia&parent=2636"}],"curies":[{"name":"wp","href":"https:\/\/api.w.org\/{rel}","templated":true}]}}