{"id":2633,"date":"2024-02-17T15:49:02","date_gmt":"2024-02-17T14:49:02","guid":{"rendered":"https:\/\/jlmirall.es\/?page_id=2633"},"modified":"2024-02-17T15:51:04","modified_gmt":"2024-02-17T14:51:04","slug":"fandom","status":"publish","type":"page","link":"https:\/\/jlmirall.es\/?page_id=2633","title":{"rendered":"Fandom"},"content":{"rendered":"","protected":false},"excerpt":{"rendered":"","protected":false},"author":1,"featured_media":0,"parent":0,"menu_order":4,"comment_status":"closed","ping_status":"closed","template":"","meta":{"footnotes":""},"class_list":["post-2633","page","type-page","status-publish","hentry"],"jetpack_shortlink":"https:\/\/wp.me\/P2FSry-Gt","jetpack-related-posts":[{"id":1041,"url":"https:\/\/jlmirall.es\/?page_id=1041","url_meta":{"origin":2633,"position":0},"title":"Merch","author":"Oysiao","date":"25 diciembre, 2018","format":false,"excerpt":"Colecci\u00f3n Piano Player Una colecci\u00f3n \u00fanica de Lluna Llunera\u00a0en Society6 Algunas ideas...","rel":"","context":"Entrada similar","block_context":{"text":"Entrada similar","link":""},"img":{"alt_text":"","src":"https:\/\/i0.wp.com\/jlmirall.es\/wp-content\/uploads\/2024\/02\/piano-player.jpg?resize=350%2C200&ssl=1","width":350,"height":200,"srcset":"https:\/\/i0.wp.com\/jlmirall.es\/wp-content\/uploads\/2024\/02\/piano-player.jpg?resize=350%2C200&ssl=1 1x, https:\/\/i0.wp.com\/jlmirall.es\/wp-content\/uploads\/2024\/02\/piano-player.jpg?resize=525%2C300&ssl=1 1.5x"},"classes":[]},{"id":977,"url":"https:\/\/jlmirall.es\/?page_id=977","url_meta":{"origin":2633,"position":1},"title":"Prensa","author":"Oysiao","date":"18 junio, 2018","format":false,"excerpt":"Jos\u00e9 Luis Miralles: \"La noche es oscura y alberga horrores\" | nomepierdoniuna Entre el piano de Jos\u00e9 Luis Miralles y las im\u00e1genes de la EASD surgi\u00f3 el emotivo homenaje a Vicent Vidal | nomepierdoniuna Las creaciones experimentales al piano de Jos\u00e9 Luis Miralles y las piezas de cer\u00e1mica y vidrio\u2026","rel":"","context":"Entrada similar","block_context":{"text":"Entrada similar","link":""},"img":{"alt_text":"","src":"","width":0,"height":0},"classes":[]}],"jetpack_sharing_enabled":true,"_links":{"self":[{"href":"https:\/\/jlmirall.es\/index.php?rest_route=\/wp\/v2\/pages\/2633","targetHints":{"allow":["GET"]}}],"collection":[{"href":"https:\/\/jlmirall.es\/index.php?rest_route=\/wp\/v2\/pages"}],"about":[{"href":"https:\/\/jlmirall.es\/index.php?rest_route=\/wp\/v2\/types\/page"}],"author":[{"embeddable":true,"href":"https:\/\/jlmirall.es\/index.php?rest_route=\/wp\/v2\/users\/1"}],"replies":[{"embeddable":true,"href":"https:\/\/jlmirall.es\/index.php?rest_route=%2Fwp%2Fv2%2Fcomments&post=2633"}],"version-history":[{"count":1,"href":"https:\/\/jlmirall.es\/index.php?rest_route=\/wp\/v2\/pages\/2633\/revisions"}],"predecessor-version":[{"id":2634,"href":"https:\/\/jlmirall.es\/index.php?rest_route=\/wp\/v2\/pages\/2633\/revisions\/2634"}],"wp:attachment":[{"href":"https:\/\/jlmirall.es\/index.php?rest_route=%2Fwp%2Fv2%2Fmedia&parent=2633"}],"curies":[{"name":"wp","href":"https:\/\/api.w.org\/{rel}","templated":true}]}}