{"id":1107,"date":"2020-06-04T12:31:27","date_gmt":"2020-06-04T10:31:27","guid":{"rendered":"https:\/\/jlmirall.es\/?page_id=1107"},"modified":"2024-02-17T16:01:10","modified_gmt":"2024-02-17T15:01:10","slug":"formacion","status":"publish","type":"page","link":"https:\/\/jlmirall.es\/?page_id=1107","title":{"rendered":"Recursos Docentes"},"content":{"rendered":"\n<div class=\"wp-block-buttons is-layout-flex wp-block-buttons-is-layout-flex\"><\/div>\n","protected":false},"excerpt":{"rendered":"","protected":false},"author":1,"featured_media":0,"parent":0,"menu_order":6,"comment_status":"closed","ping_status":"closed","template":"","meta":{"footnotes":""},"class_list":["post-1107","page","type-page","status-publish","hentry"],"jetpack_shortlink":"https:\/\/wp.me\/P2FSry-hR","jetpack-related-posts":[{"id":21,"url":"https:\/\/jlmirall.es\/?page_id=21","url_meta":{"origin":1107,"position":0},"title":"Blogs","author":"Oysiao","date":"19 agosto, 2012","format":false,"excerpt":"Desde siempre he considerado que los blogs son una herramienta \u00fatil de reflexi\u00f3n colectiva, m\u00e1s all\u00e1 de la inmediatez de las actuales redes sociales. Por eso he creado muchos blog con diferentes fines. Aunque actualmente algunos ya no existen o no est\u00e1n activos, quiero dejar este peque\u00f1o espacio para su\u2026","rel":"","context":"Entrada similar","block_context":{"text":"Entrada similar","link":""},"img":{"alt_text":"","src":"https:\/\/i0.wp.com\/jlmirall.es\/wp-content\/uploads\/2024\/02\/B4131554-B31B-4AE8-923F-7442C758D601.png.webp?resize=350%2C200&ssl=1","width":350,"height":200,"srcset":"https:\/\/i0.wp.com\/jlmirall.es\/wp-content\/uploads\/2024\/02\/B4131554-B31B-4AE8-923F-7442C758D601.png.webp?resize=350%2C200&ssl=1 1x, https:\/\/i0.wp.com\/jlmirall.es\/wp-content\/uploads\/2024\/02\/B4131554-B31B-4AE8-923F-7442C758D601.png.webp?resize=525%2C300&ssl=1 1.5x, https:\/\/i0.wp.com\/jlmirall.es\/wp-content\/uploads\/2024\/02\/B4131554-B31B-4AE8-923F-7442C758D601.png.webp?resize=700%2C400&ssl=1 2x"},"classes":[]},{"id":1111,"url":"https:\/\/jlmirall.es\/?page_id=1111","url_meta":{"origin":1107,"position":1},"title":"Las clases de instrumento on-line e h\u00edbridas","author":"Oysiao","date":"4 junio, 2020","format":false,"excerpt":"La crisis mundial del Covid-19 ha provocado la mayor transici\u00f3n de la historia hacia la educaci\u00f3n on-line a distancia. De un d\u00eda para otro, la mayor parte de los docentes de la humanidad se han visto obligados a cambiar completamente su forma de dar clase. Incluidos los profesores de instrumento\u2026","rel":"","context":"Entrada similar","block_context":{"text":"Entrada similar","link":""},"img":{"alt_text":"","src":"https:\/\/i0.wp.com\/elpulpoenelvaso.jlmirall.es\/wp-content\/uploads\/2024\/11\/Portada-1024x485.png?resize=350%2C200&ssl=1","width":350,"height":200,"srcset":"https:\/\/i0.wp.com\/elpulpoenelvaso.jlmirall.es\/wp-content\/uploads\/2024\/11\/Portada-1024x485.png?resize=350%2C200&ssl=1 1x, https:\/\/i0.wp.com\/elpulpoenelvaso.jlmirall.es\/wp-content\/uploads\/2024\/11\/Portada-1024x485.png?resize=525%2C300&ssl=1 1.5x, https:\/\/i0.wp.com\/elpulpoenelvaso.jlmirall.es\/wp-content\/uploads\/2024\/11\/Portada-1024x485.png?resize=700%2C400&ssl=1 2x"},"classes":[]},{"id":684,"url":"https:\/\/jlmirall.es\/?page_id=684","url_meta":{"origin":1107,"position":2},"title":"Publicaciones","author":"Oysiao","date":"11 febrero, 2016","format":false,"excerpt":"Al final de cada art\u00edculo se pueden encontrar links a\u00a0las p\u00e1ginas web de la UJI (Universitat Jaume I) y ResearchGate para aquellos que est\u00e1n disponibles. 2024 Miralles-Bono, J. L. (2024). Planificaci\u00f3n Inteligente para resultados no artificiales.\u00a0Eufon\u00eda: did\u00e1ctica de la m\u00fasica,\u00a0101, 14-19. Miralles-Bono, J. L. (2024). Another AI-generated Chopin nocturne? Better\u2026","rel":"","context":"Entrada similar","block_context":{"text":"Entrada similar","link":""},"img":{"alt_text":"Captura de pantalla 2016-03-02 a les 14.59.46","src":"https:\/\/i0.wp.com\/jlmirall.es\/wp-content\/uploads\/2016\/02\/Captura-de-pantalla-2016-03-02-a-les-14.59.46.png?resize=350%2C200","width":350,"height":200},"classes":[]},{"id":314,"url":"https:\/\/jlmirall.es\/","url_meta":{"origin":1107,"position":3},"title":"Inicio","author":"Miralles","date":"7 julio, 2011","format":false,"excerpt":"Jos\u00e9 Luis Miralles Bono Vila-real, 1985 Piano & Educaci\u00f3n M\u00fasica Experimental & Arte Sonoro \u201csigo con curiosidad e inter\u00e9s sus propuestas art\u00edstico sonoras, y he de decir que veo en todas ellas un entrevere de solidez y audacia, propia de quien carga con una formaci\u00f3n \u2018cl\u00e1sica\u2019, pero se desenvuelve con\u2026","rel":"","context":"Entrada similar","block_context":{"text":"Entrada similar","link":""},"img":{"alt_text":"","src":"https:\/\/i0.wp.com\/jlmirall.es\/wp-content\/uploads\/2011\/07\/Piano-player.jpg?resize=350%2C200&ssl=1","width":350,"height":200,"srcset":"https:\/\/i0.wp.com\/jlmirall.es\/wp-content\/uploads\/2011\/07\/Piano-player.jpg?resize=350%2C200&ssl=1 1x, https:\/\/i0.wp.com\/jlmirall.es\/wp-content\/uploads\/2011\/07\/Piano-player.jpg?resize=525%2C300&ssl=1 1.5x, https:\/\/i0.wp.com\/jlmirall.es\/wp-content\/uploads\/2011\/07\/Piano-player.jpg?resize=700%2C400&ssl=1 2x, https:\/\/i0.wp.com\/jlmirall.es\/wp-content\/uploads\/2011\/07\/Piano-player.jpg?resize=1050%2C600&ssl=1 3x, https:\/\/i0.wp.com\/jlmirall.es\/wp-content\/uploads\/2011\/07\/Piano-player.jpg?resize=1400%2C800&ssl=1 4x"},"classes":[]},{"id":335,"url":"https:\/\/jlmirall.es\/?page_id=335","url_meta":{"origin":1107,"position":4},"title":"Curr\u00edculum ampliado","author":"Miralles","date":"8 julio, 2011","format":false,"excerpt":"Director Art\u00edstico del Laboratori de M\u00fasica \u00df, GuidoBlogs, pianista solista y asistente de director de la OLCS y miembro fundador Espai Cl\u00e0ssic. Colaborador de la revista M\u00fasica y Educaci\u00f3n, CEFIRE feria internacional MARTE de Arte Contempor\u00e1neo, revista cultural independiente Nomepierdoniuna, Escuela de Arte y Superior de Dise\u00f1o de Castell\u00f3n, la\u2026","rel":"","context":"Entrada similar","block_context":{"text":"Entrada similar","link":""},"img":{"alt_text":"","src":"","width":0,"height":0},"classes":[]}],"jetpack_sharing_enabled":true,"_links":{"self":[{"href":"https:\/\/jlmirall.es\/index.php?rest_route=\/wp\/v2\/pages\/1107","targetHints":{"allow":["GET"]}}],"collection":[{"href":"https:\/\/jlmirall.es\/index.php?rest_route=\/wp\/v2\/pages"}],"about":[{"href":"https:\/\/jlmirall.es\/index.php?rest_route=\/wp\/v2\/types\/page"}],"author":[{"embeddable":true,"href":"https:\/\/jlmirall.es\/index.php?rest_route=\/wp\/v2\/users\/1"}],"replies":[{"embeddable":true,"href":"https:\/\/jlmirall.es\/index.php?rest_route=%2Fwp%2Fv2%2Fcomments&post=1107"}],"version-history":[{"count":5,"href":"https:\/\/jlmirall.es\/index.php?rest_route=\/wp\/v2\/pages\/1107\/revisions"}],"predecessor-version":[{"id":2644,"href":"https:\/\/jlmirall.es\/index.php?rest_route=\/wp\/v2\/pages\/1107\/revisions\/2644"}],"wp:attachment":[{"href":"https:\/\/jlmirall.es\/index.php?rest_route=%2Fwp%2Fv2%2Fmedia&parent=1107"}],"curies":[{"name":"wp","href":"https:\/\/api.w.org\/{rel}","templated":true}]}}