{"id":1041,"date":"2018-12-25T18:21:30","date_gmt":"2018-12-25T17:21:30","guid":{"rendered":"https:\/\/jlmirall.es\/?page_id=1041"},"modified":"2024-02-17T15:50:14","modified_gmt":"2024-02-17T14:50:14","slug":"merch","status":"publish","type":"page","link":"https:\/\/jlmirall.es\/?page_id=1041","title":{"rendered":"Merch"},"content":{"rendered":"<h2 style=\"text-align: center;\">Colecci\u00f3n Piano Player<\/h2>\n<p style=\"text-align: center;\">Una colecci\u00f3n \u00fanica de <a href=\"https:\/\/www.facebook.com\/llunalluneraillustrations\">Lluna Llunera<\/a>\u00a0en <a href=\"https:\/\/society6.com\/llunallunera\">Society6<\/a><\/p>\n<p style=\"text-align: center;\"><a href=\"https:\/\/society6.com\/llunallunera\"><img data-recalc-dims=\"1\" loading=\"lazy\" decoding=\"async\" data-attachment-id=\"1042\" data-permalink=\"https:\/\/jlmirall.es\/?attachment_id=1042\" data-orig-file=\"https:\/\/i0.wp.com\/jlmirall.es\/wp-content\/uploads\/2024\/02\/piano-player-scaled.jpg?fit=2560%2C1324&amp;ssl=1\" data-orig-size=\"2560,1324\" data-comments-opened=\"0\" data-image-meta=\"{&quot;aperture&quot;:&quot;0&quot;,&quot;credit&quot;:&quot;&quot;,&quot;camera&quot;:&quot;&quot;,&quot;caption&quot;:&quot;&quot;,&quot;created_timestamp&quot;:&quot;0&quot;,&quot;copyright&quot;:&quot;&quot;,&quot;focal_length&quot;:&quot;0&quot;,&quot;iso&quot;:&quot;0&quot;,&quot;shutter_speed&quot;:&quot;0&quot;,&quot;title&quot;:&quot;&quot;,&quot;orientation&quot;:&quot;0&quot;}\" data-image-title=\"piano-player\" data-image-description=\"\" data-image-caption=\"\" data-large-file=\"https:\/\/i0.wp.com\/jlmirall.es\/wp-content\/uploads\/2024\/02\/piano-player-scaled.jpg?fit=1024%2C530&amp;ssl=1\" class=\"wp-image-1042 aligncenter\" src=\"https:\/\/i0.wp.com\/jlmirall.es\/wp-content\/uploads\/2024\/02\/piano-player.jpg?resize=663%2C343&#038;ssl=1\" alt=\"\" width=\"663\" height=\"343\" \/><\/a><\/p>\n<p style=\"text-align: center;\">\n<p style=\"text-align: center;\"><strong><em>Algunas ideas&#8230;<\/em><\/strong><\/p>\n<p style=\"text-align: center;\"><a href=\"https:\/\/society6.com\/product\/piano-player1668557_coaster?sku=s6-9978523p70a217v765\"><img data-recalc-dims=\"1\" loading=\"lazy\" decoding=\"async\" data-attachment-id=\"1043\" data-permalink=\"https:\/\/jlmirall.es\/?attachment_id=1043\" data-orig-file=\"https:\/\/i0.wp.com\/jlmirall.es\/wp-content\/uploads\/2015\/02\/piano-player1668557-coasters.jpg?fit=700%2C700&amp;ssl=1\" data-orig-size=\"700,700\" data-comments-opened=\"0\" data-image-meta=\"{&quot;aperture&quot;:&quot;0&quot;,&quot;credit&quot;:&quot;&quot;,&quot;camera&quot;:&quot;&quot;,&quot;caption&quot;:&quot;&quot;,&quot;created_timestamp&quot;:&quot;0&quot;,&quot;copyright&quot;:&quot;&quot;,&quot;focal_length&quot;:&quot;0&quot;,&quot;iso&quot;:&quot;0&quot;,&quot;shutter_speed&quot;:&quot;0&quot;,&quot;title&quot;:&quot;&quot;,&quot;orientation&quot;:&quot;0&quot;}\" data-image-title=\"piano-player1668557-coasters\" data-image-description=\"\" data-image-caption=\"\" data-large-file=\"https:\/\/i0.wp.com\/jlmirall.es\/wp-content\/uploads\/2015\/02\/piano-player1668557-coasters.jpg?fit=700%2C700&amp;ssl=1\" class=\" wp-image-1043 aligncenter\" src=\"https:\/\/i0.wp.com\/jlmirall.es\/wp-content\/uploads\/2015\/02\/piano-player1668557-coasters.jpg?resize=328%2C328&#038;ssl=1\" alt=\"\" width=\"328\" height=\"328\" srcset=\"https:\/\/i0.wp.com\/jlmirall.es\/wp-content\/uploads\/2015\/02\/piano-player1668557-coasters.jpg?w=700&amp;ssl=1 700w, https:\/\/i0.wp.com\/jlmirall.es\/wp-content\/uploads\/2015\/02\/piano-player1668557-coasters.jpg?resize=150%2C150&amp;ssl=1 150w, https:\/\/i0.wp.com\/jlmirall.es\/wp-content\/uploads\/2015\/02\/piano-player1668557-coasters.jpg?resize=300%2C300&amp;ssl=1 300w, https:\/\/i0.wp.com\/jlmirall.es\/wp-content\/uploads\/2015\/02\/piano-player1668557-coasters.jpg?resize=125%2C125&amp;ssl=1 125w, https:\/\/i0.wp.com\/jlmirall.es\/wp-content\/uploads\/2015\/02\/piano-player1668557-coasters.jpg?resize=642%2C642&amp;ssl=1 642w\" sizes=\"auto, (max-width: 328px) 100vw, 328px\" \/><\/a> <a href=\"https:\/\/society6.com\/product\/piano-player1668557_travel-mug?sku=s6-9978523p58a201v703\"><img data-recalc-dims=\"1\" loading=\"lazy\" decoding=\"async\" data-attachment-id=\"1044\" data-permalink=\"https:\/\/jlmirall.es\/?attachment_id=1044\" data-orig-file=\"https:\/\/i0.wp.com\/jlmirall.es\/wp-content\/uploads\/2015\/02\/piano-player1668557-travel-mugs.jpg?fit=700%2C700&amp;ssl=1\" data-orig-size=\"700,700\" data-comments-opened=\"0\" data-image-meta=\"{&quot;aperture&quot;:&quot;0&quot;,&quot;credit&quot;:&quot;&quot;,&quot;camera&quot;:&quot;&quot;,&quot;caption&quot;:&quot;&quot;,&quot;created_timestamp&quot;:&quot;0&quot;,&quot;copyright&quot;:&quot;&quot;,&quot;focal_length&quot;:&quot;0&quot;,&quot;iso&quot;:&quot;0&quot;,&quot;shutter_speed&quot;:&quot;0&quot;,&quot;title&quot;:&quot;&quot;,&quot;orientation&quot;:&quot;0&quot;}\" data-image-title=\"piano-player1668557-travel-mugs\" data-image-description=\"\" data-image-caption=\"\" data-large-file=\"https:\/\/i0.wp.com\/jlmirall.es\/wp-content\/uploads\/2015\/02\/piano-player1668557-travel-mugs.jpg?fit=700%2C700&amp;ssl=1\" class=\"wp-image-1044 aligncenter\" src=\"https:\/\/i0.wp.com\/jlmirall.es\/wp-content\/uploads\/2015\/02\/piano-player1668557-travel-mugs.jpg?resize=378%2C378&#038;ssl=1\" alt=\"\" width=\"378\" height=\"378\" srcset=\"https:\/\/i0.wp.com\/jlmirall.es\/wp-content\/uploads\/2015\/02\/piano-player1668557-travel-mugs.jpg?w=700&amp;ssl=1 700w, https:\/\/i0.wp.com\/jlmirall.es\/wp-content\/uploads\/2015\/02\/piano-player1668557-travel-mugs.jpg?resize=150%2C150&amp;ssl=1 150w, https:\/\/i0.wp.com\/jlmirall.es\/wp-content\/uploads\/2015\/02\/piano-player1668557-travel-mugs.jpg?resize=300%2C300&amp;ssl=1 300w, https:\/\/i0.wp.com\/jlmirall.es\/wp-content\/uploads\/2015\/02\/piano-player1668557-travel-mugs.jpg?resize=125%2C125&amp;ssl=1 125w, https:\/\/i0.wp.com\/jlmirall.es\/wp-content\/uploads\/2015\/02\/piano-player1668557-travel-mugs.jpg?resize=642%2C642&amp;ssl=1 642w\" sizes=\"auto, (max-width: 378px) 100vw, 378px\" \/><\/a> <a href=\"https:\/\/society6.com\/product\/piano-player1668557_bag?sku=s6-9978523p29a26v196\"><img data-recalc-dims=\"1\" loading=\"lazy\" decoding=\"async\" data-attachment-id=\"1045\" data-permalink=\"https:\/\/jlmirall.es\/?attachment_id=1045\" data-orig-file=\"https:\/\/i0.wp.com\/jlmirall.es\/wp-content\/uploads\/2015\/02\/piano-player1668557-bags.jpg?fit=700%2C700&amp;ssl=1\" data-orig-size=\"700,700\" data-comments-opened=\"0\" data-image-meta=\"{&quot;aperture&quot;:&quot;0&quot;,&quot;credit&quot;:&quot;&quot;,&quot;camera&quot;:&quot;&quot;,&quot;caption&quot;:&quot;&quot;,&quot;created_timestamp&quot;:&quot;0&quot;,&quot;copyright&quot;:&quot;&quot;,&quot;focal_length&quot;:&quot;0&quot;,&quot;iso&quot;:&quot;0&quot;,&quot;shutter_speed&quot;:&quot;0&quot;,&quot;title&quot;:&quot;&quot;,&quot;orientation&quot;:&quot;0&quot;}\" data-image-title=\"piano-player1668557-bags\" data-image-description=\"\" data-image-caption=\"\" data-large-file=\"https:\/\/i0.wp.com\/jlmirall.es\/wp-content\/uploads\/2015\/02\/piano-player1668557-bags.jpg?fit=700%2C700&amp;ssl=1\" class=\"wp-image-1045 aligncenter\" src=\"https:\/\/i0.wp.com\/jlmirall.es\/wp-content\/uploads\/2015\/02\/piano-player1668557-bags.jpg?resize=326%2C326&#038;ssl=1\" alt=\"\" width=\"326\" height=\"326\" srcset=\"https:\/\/i0.wp.com\/jlmirall.es\/wp-content\/uploads\/2015\/02\/piano-player1668557-bags.jpg?w=700&amp;ssl=1 700w, https:\/\/i0.wp.com\/jlmirall.es\/wp-content\/uploads\/2015\/02\/piano-player1668557-bags.jpg?resize=150%2C150&amp;ssl=1 150w, https:\/\/i0.wp.com\/jlmirall.es\/wp-content\/uploads\/2015\/02\/piano-player1668557-bags.jpg?resize=300%2C300&amp;ssl=1 300w, https:\/\/i0.wp.com\/jlmirall.es\/wp-content\/uploads\/2015\/02\/piano-player1668557-bags.jpg?resize=125%2C125&amp;ssl=1 125w, https:\/\/i0.wp.com\/jlmirall.es\/wp-content\/uploads\/2015\/02\/piano-player1668557-bags.jpg?resize=642%2C642&amp;ssl=1 642w\" sizes=\"auto, (max-width: 326px) 100vw, 326px\" \/><\/a> <a href=\"https:\/\/society6.com\/product\/piano-player1668557_poster?sku=s6-9978523p66a213v756\"><img data-recalc-dims=\"1\" loading=\"lazy\" decoding=\"async\" data-attachment-id=\"1046\" data-permalink=\"https:\/\/jlmirall.es\/?attachment_id=1046\" data-orig-file=\"https:\/\/i0.wp.com\/jlmirall.es\/wp-content\/uploads\/2015\/02\/piano-player1668557-posters.jpg?fit=700%2C700&amp;ssl=1\" data-orig-size=\"700,700\" data-comments-opened=\"0\" data-image-meta=\"{&quot;aperture&quot;:&quot;0&quot;,&quot;credit&quot;:&quot;&quot;,&quot;camera&quot;:&quot;&quot;,&quot;caption&quot;:&quot;&quot;,&quot;created_timestamp&quot;:&quot;0&quot;,&quot;copyright&quot;:&quot;&quot;,&quot;focal_length&quot;:&quot;0&quot;,&quot;iso&quot;:&quot;0&quot;,&quot;shutter_speed&quot;:&quot;0&quot;,&quot;title&quot;:&quot;&quot;,&quot;orientation&quot;:&quot;0&quot;}\" data-image-title=\"piano-player1668557-posters\" data-image-description=\"\" data-image-caption=\"\" data-large-file=\"https:\/\/i0.wp.com\/jlmirall.es\/wp-content\/uploads\/2015\/02\/piano-player1668557-posters.jpg?fit=700%2C700&amp;ssl=1\" class=\" wp-image-1046 aligncenter\" src=\"https:\/\/i0.wp.com\/jlmirall.es\/wp-content\/uploads\/2015\/02\/piano-player1668557-posters.jpg?resize=382%2C382&#038;ssl=1\" alt=\"\" width=\"382\" height=\"382\" srcset=\"https:\/\/i0.wp.com\/jlmirall.es\/wp-content\/uploads\/2015\/02\/piano-player1668557-posters.jpg?w=700&amp;ssl=1 700w, https:\/\/i0.wp.com\/jlmirall.es\/wp-content\/uploads\/2015\/02\/piano-player1668557-posters.jpg?resize=150%2C150&amp;ssl=1 150w, https:\/\/i0.wp.com\/jlmirall.es\/wp-content\/uploads\/2015\/02\/piano-player1668557-posters.jpg?resize=300%2C300&amp;ssl=1 300w, https:\/\/i0.wp.com\/jlmirall.es\/wp-content\/uploads\/2015\/02\/piano-player1668557-posters.jpg?resize=125%2C125&amp;ssl=1 125w, https:\/\/i0.wp.com\/jlmirall.es\/wp-content\/uploads\/2015\/02\/piano-player1668557-posters.jpg?resize=642%2C642&amp;ssl=1 642w\" sizes=\"auto, (max-width: 382px) 100vw, 382px\" \/><\/a><\/p>\n","protected":false},"excerpt":{"rendered":"<p>Colecci\u00f3n Piano Player Una colecci\u00f3n \u00fanica de Lluna Llunera\u00a0en Society6 Algunas ideas&#8230;<\/p>\n","protected":false},"author":1,"featured_media":0,"parent":2633,"menu_order":1,"comment_status":"closed","ping_status":"closed","template":"","meta":{"footnotes":""},"class_list":["post-1041","page","type-page","status-publish","hentry"],"jetpack_shortlink":"https:\/\/wp.me\/P2FSry-gN","jetpack-related-posts":[{"id":335,"url":"https:\/\/jlmirall.es\/?page_id=335","url_meta":{"origin":1041,"position":0},"title":"Curr\u00edculum ampliado","author":"Miralles","date":"8 julio, 2011","format":false,"excerpt":"Director Art\u00edstico del Laboratori de M\u00fasica \u00df, GuidoBlogs, pianista solista y asistente de director de la OLCS y miembro fundador Espai Cl\u00e0ssic. Colaborador de la revista M\u00fasica y Educaci\u00f3n, CEFIRE feria internacional MARTE de Arte Contempor\u00e1neo, revista cultural independiente Nomepierdoniuna, Escuela de Arte y Superior de Dise\u00f1o de Castell\u00f3n, la\u2026","rel":"","context":"Entrada similar","block_context":{"text":"Entrada similar","link":""},"img":{"alt_text":"","src":"","width":0,"height":0},"classes":[]},{"id":314,"url":"https:\/\/jlmirall.es\/","url_meta":{"origin":1041,"position":1},"title":"Inicio","author":"Miralles","date":"7 julio, 2011","format":false,"excerpt":"Jos\u00e9 Luis Miralles Bono Vila-real, 1985 Piano & Educaci\u00f3n M\u00fasica Experimental & Arte Sonoro \u201csigo con curiosidad e inter\u00e9s sus propuestas art\u00edstico sonoras, y he de decir que veo en todas ellas un entrevere de solidez y audacia, propia de quien carga con una formaci\u00f3n \u2018cl\u00e1sica\u2019, pero se desenvuelve con\u2026","rel":"","context":"Entrada similar","block_context":{"text":"Entrada similar","link":""},"img":{"alt_text":"","src":"https:\/\/i0.wp.com\/jlmirall.es\/wp-content\/uploads\/2011\/07\/Piano-player.jpg?resize=350%2C200&ssl=1","width":350,"height":200,"srcset":"https:\/\/i0.wp.com\/jlmirall.es\/wp-content\/uploads\/2011\/07\/Piano-player.jpg?resize=350%2C200&ssl=1 1x, https:\/\/i0.wp.com\/jlmirall.es\/wp-content\/uploads\/2011\/07\/Piano-player.jpg?resize=525%2C300&ssl=1 1.5x, https:\/\/i0.wp.com\/jlmirall.es\/wp-content\/uploads\/2011\/07\/Piano-player.jpg?resize=700%2C400&ssl=1 2x, https:\/\/i0.wp.com\/jlmirall.es\/wp-content\/uploads\/2011\/07\/Piano-player.jpg?resize=1050%2C600&ssl=1 3x, https:\/\/i0.wp.com\/jlmirall.es\/wp-content\/uploads\/2011\/07\/Piano-player.jpg?resize=1400%2C800&ssl=1 4x"},"classes":[]},{"id":881,"url":"https:\/\/jlmirall.es\/?page_id=881","url_meta":{"origin":1041,"position":2},"title":"M\u00fasica Experimental \/ Arte Sonoro","author":"Oysiao","date":"17 junio, 2018","format":false,"excerpt":"Militante de la creaci\u00f3n actual y m\u00fasica contempor\u00e1nea, desarrollo una labor especializada en la m\u00fasica para piano del s. XX y s. XXI, as\u00ed como la creaci\u00f3n de composiciones propias o la co-creaci\u00f3n\u00a0con otros artistas de diferentes disciplinas mediante partituras gr\u00e1ficas y videoartes. Dada la delgada linea que diferencia las\u2026","rel":"","context":"Entrada similar","block_context":{"text":"Entrada similar","link":""},"img":{"alt_text":"","src":"","width":0,"height":0},"classes":[]},{"id":688,"url":"https:\/\/jlmirall.es\/?page_id=688","url_meta":{"origin":1041,"position":3},"title":"Direcci\u00f3n de TFG &#038; TFM","author":"Oysiao","date":"11 febrero, 2016","format":false,"excerpt":"Direcci\u00f3n de TFM A\u00f1o 2018 Reig Sanchis, M. (2018). La integraci\u00f3n de las asignaturas de instrumento y lenguaje musical. Una propuesta did\u00e1ctica para las ense\u00f1anzas elementales de piano en el contexto auton\u00f3mico valenciano. Universitat Jaume I. [En co-direcci\u00f3n con Dra. Amparo Porta]\u00a0 Casades Lapiedra, V. (2018). Investigaci\u00f3n y pr\u00e1ctica sobre\u2026","rel":"","context":"Entrada similar","block_context":{"text":"Entrada similar","link":""},"img":{"alt_text":"Captura de pantalla 2016-03-02 a les 14.59.37","src":"https:\/\/i0.wp.com\/jlmirall.es\/wp-content\/uploads\/2016\/02\/Captura-de-pantalla-2016-03-02-a-les-14.59.37.png?resize=350%2C200","width":350,"height":200},"classes":[]},{"id":977,"url":"https:\/\/jlmirall.es\/?page_id=977","url_meta":{"origin":1041,"position":4},"title":"Prensa","author":"Oysiao","date":"18 junio, 2018","format":false,"excerpt":"Jos\u00e9 Luis Miralles: \"La noche es oscura y alberga horrores\" | nomepierdoniuna Entre el piano de Jos\u00e9 Luis Miralles y las im\u00e1genes de la EASD surgi\u00f3 el emotivo homenaje a Vicent Vidal | nomepierdoniuna Las creaciones experimentales al piano de Jos\u00e9 Luis Miralles y las piezas de cer\u00e1mica y vidrio\u2026","rel":"","context":"Entrada similar","block_context":{"text":"Entrada similar","link":""},"img":{"alt_text":"","src":"","width":0,"height":0},"classes":[]},{"id":1018,"url":"https:\/\/jlmirall.es\/?page_id=1018","url_meta":{"origin":1041,"position":5},"title":"Proyectos educativos con j\u00f3venes","author":"Oysiao","date":"27 julio, 2018","format":false,"excerpt":"Como parte de mi inquietud por la educaci\u00f3n y la ense\u00f1anza, he desarrollado diversos workshops y proyectos pedag\u00f3gicos dentro y fuera de las aulas de educaci\u00f3n reglada que van m\u00e1s all\u00e1 de la docencia habitual con los alumnos. Los workshops son talleres puntuales de uno o varios d\u00edas, mientras que\u2026","rel":"","context":"Entrada similar","block_context":{"text":"Entrada similar","link":""},"img":{"alt_text":"","src":"https:\/\/i0.wp.com\/jlmirall.es\/wp-content\/uploads\/2024\/02\/eacc.gif?resize=350%2C200&ssl=1","width":350,"height":200,"srcset":"https:\/\/i0.wp.com\/jlmirall.es\/wp-content\/uploads\/2024\/02\/eacc.gif?resize=350%2C200&ssl=1 1x, https:\/\/i0.wp.com\/jlmirall.es\/wp-content\/uploads\/2024\/02\/eacc.gif?resize=525%2C300&ssl=1 1.5x, https:\/\/i0.wp.com\/jlmirall.es\/wp-content\/uploads\/2024\/02\/eacc.gif?resize=700%2C400&ssl=1 2x"},"classes":[]}],"jetpack_sharing_enabled":true,"_links":{"self":[{"href":"https:\/\/jlmirall.es\/index.php?rest_route=\/wp\/v2\/pages\/1041","targetHints":{"allow":["GET"]}}],"collection":[{"href":"https:\/\/jlmirall.es\/index.php?rest_route=\/wp\/v2\/pages"}],"about":[{"href":"https:\/\/jlmirall.es\/index.php?rest_route=\/wp\/v2\/types\/page"}],"author":[{"embeddable":true,"href":"https:\/\/jlmirall.es\/index.php?rest_route=\/wp\/v2\/users\/1"}],"replies":[{"embeddable":true,"href":"https:\/\/jlmirall.es\/index.php?rest_route=%2Fwp%2Fv2%2Fcomments&post=1041"}],"version-history":[{"count":1,"href":"https:\/\/jlmirall.es\/index.php?rest_route=\/wp\/v2\/pages\/1041\/revisions"}],"predecessor-version":[{"id":1047,"href":"https:\/\/jlmirall.es\/index.php?rest_route=\/wp\/v2\/pages\/1041\/revisions\/1047"}],"up":[{"embeddable":true,"href":"https:\/\/jlmirall.es\/index.php?rest_route=\/wp\/v2\/pages\/2633"}],"wp:attachment":[{"href":"https:\/\/jlmirall.es\/index.php?rest_route=%2Fwp%2Fv2%2Fmedia&parent=1041"}],"curies":[{"name":"wp","href":"https:\/\/api.w.org\/{rel}","templated":true}]}}